{"id":316,"date":"2026-04-12T21:10:23","date_gmt":"2026-04-12T19:10:23","guid":{"rendered":"https:\/\/www.dm5.be\/?page_id=316"},"modified":"2026-04-12T21:26:26","modified_gmt":"2026-04-12T19:26:26","slug":"de-lidee-a-la-production-conception-sur-mesure-de-pcb-du-prototype-a-la-serie","status":"publish","type":"page","link":"https:\/\/www.dm5.be\/index.php\/de-lidee-a-la-production-conception-sur-mesure-de-pcb-du-prototype-a-la-serie\/","title":{"rendered":"De l\u2019id\u00e9e \u00e0 la production : conception sur mesure de PCB, du prototype \u00e0 la s\u00e9rie"},"content":{"rendered":"\n<hr class=\"wp-block-separator has-alpha-channel-opacity is-style-wide\"\/>\n\n\n\n<figure class=\"wp-block-image aligncenter size-full\"><img fetchpriority=\"high\" decoding=\"async\" width=\"738\" height=\"569\" src=\"https:\/\/www.dm5.be\/wp-content\/uploads\/2026\/04\/4_JLCPPCB.jpg\" alt=\"\" class=\"wp-image-323\" srcset=\"https:\/\/www.dm5.be\/wp-content\/uploads\/2026\/04\/4_JLCPPCB.jpg 738w, https:\/\/www.dm5.be\/wp-content\/uploads\/2026\/04\/4_JLCPPCB-300x231.jpg 300w\" sizes=\"(max-width: 738px) 100vw, 738px\" \/><\/figure>\n\n\n\n<figure class=\"wp-block-image aligncenter size-full\"><img decoding=\"async\" width=\"840\" height=\"680\" src=\"https:\/\/www.dm5.be\/wp-content\/uploads\/2026\/04\/1_JLCPPCB.jpg\" alt=\"\" class=\"wp-image-318\" srcset=\"https:\/\/www.dm5.be\/wp-content\/uploads\/2026\/04\/1_JLCPPCB.jpg 840w, https:\/\/www.dm5.be\/wp-content\/uploads\/2026\/04\/1_JLCPPCB-300x243.jpg 300w, https:\/\/www.dm5.be\/wp-content\/uploads\/2026\/04\/1_JLCPPCB-768x622.jpg 768w\" sizes=\"(max-width: 840px) 100vw, 840px\" \/><\/figure>\n\n\n\n<figure class=\"wp-block-image aligncenter size-large\"><img decoding=\"async\" width=\"1024\" height=\"842\" src=\"https:\/\/www.dm5.be\/wp-content\/uploads\/2026\/04\/20251122_162419-1024x842.jpg\" alt=\"\" class=\"wp-image-328\" srcset=\"https:\/\/www.dm5.be\/wp-content\/uploads\/2026\/04\/20251122_162419-1024x842.jpg 1024w, https:\/\/www.dm5.be\/wp-content\/uploads\/2026\/04\/20251122_162419-300x247.jpg 300w, https:\/\/www.dm5.be\/wp-content\/uploads\/2026\/04\/20251122_162419-768x632.jpg 768w, https:\/\/www.dm5.be\/wp-content\/uploads\/2026\/04\/20251122_162419-1536x1264.jpg 1536w, https:\/\/www.dm5.be\/wp-content\/uploads\/2026\/04\/20251122_162419.jpg 2031w\" sizes=\"(max-width: 1024px) 100vw, 1024px\" \/><\/figure>\n\n\n\n<figure class=\"wp-block-image aligncenter size-large\"><img loading=\"lazy\" decoding=\"async\" width=\"1024\" height=\"808\" src=\"https:\/\/www.dm5.be\/wp-content\/uploads\/2026\/04\/20251122_162620-1024x808.jpg\" alt=\"\" class=\"wp-image-330\" srcset=\"https:\/\/www.dm5.be\/wp-content\/uploads\/2026\/04\/20251122_162620-1024x808.jpg 1024w, https:\/\/www.dm5.be\/wp-content\/uploads\/2026\/04\/20251122_162620-300x237.jpg 300w, https:\/\/www.dm5.be\/wp-content\/uploads\/2026\/04\/20251122_162620-768x606.jpg 768w, https:\/\/www.dm5.be\/wp-content\/uploads\/2026\/04\/20251122_162620-1536x1212.jpg 1536w, https:\/\/www.dm5.be\/wp-content\/uploads\/2026\/04\/20251122_162620-2048x1616.jpg 2048w\" sizes=\"(max-width: 1024px) 100vw, 1024px\" \/><\/figure>\n\n\n\n<figure class=\"wp-block-image aligncenter size-large\"><img loading=\"lazy\" decoding=\"async\" width=\"1024\" height=\"906\" src=\"https:\/\/www.dm5.be\/wp-content\/uploads\/2026\/04\/20251122_162903-1024x906.jpg\" alt=\"\" class=\"wp-image-333\" srcset=\"https:\/\/www.dm5.be\/wp-content\/uploads\/2026\/04\/20251122_162903-1024x906.jpg 1024w, https:\/\/www.dm5.be\/wp-content\/uploads\/2026\/04\/20251122_162903-300x265.jpg 300w, https:\/\/www.dm5.be\/wp-content\/uploads\/2026\/04\/20251122_162903-768x680.jpg 768w, https:\/\/www.dm5.be\/wp-content\/uploads\/2026\/04\/20251122_162903-1536x1359.jpg 1536w, https:\/\/www.dm5.be\/wp-content\/uploads\/2026\/04\/20251122_162903-2048x1812.jpg 2048w\" sizes=\"(max-width: 1024px) 100vw, 1024px\" \/><\/figure>\n\n\n\n<hr class=\"wp-block-separator alignwide has-alpha-channel-opacity is-style-wide\"\/>\n\n\n\n<figure class=\"wp-block-image aligncenter size-full\"><img loading=\"lazy\" decoding=\"async\" width=\"310\" height=\"505\" src=\"https:\/\/www.dm5.be\/wp-content\/uploads\/2026\/04\/5_JLCPPCB.jpg\" alt=\"\" class=\"wp-image-324\" srcset=\"https:\/\/www.dm5.be\/wp-content\/uploads\/2026\/04\/5_JLCPPCB.jpg 310w, https:\/\/www.dm5.be\/wp-content\/uploads\/2026\/04\/5_JLCPPCB-184x300.jpg 184w\" sizes=\"(max-width: 310px) 100vw, 310px\" \/><\/figure>\n\n\n\n<figure class=\"wp-block-image aligncenter size-full\"><img loading=\"lazy\" decoding=\"async\" width=\"615\" height=\"785\" src=\"https:\/\/www.dm5.be\/wp-content\/uploads\/2026\/04\/7_JLCPPCB.jpg\" alt=\"\" class=\"wp-image-326\" srcset=\"https:\/\/www.dm5.be\/wp-content\/uploads\/2026\/04\/7_JLCPPCB.jpg 615w, https:\/\/www.dm5.be\/wp-content\/uploads\/2026\/04\/7_JLCPPCB-235x300.jpg 235w\" sizes=\"(max-width: 615px) 100vw, 615px\" \/><\/figure>\n\n\n\n<figure class=\"wp-block-image aligncenter size-full\"><img loading=\"lazy\" decoding=\"async\" width=\"679\" height=\"778\" src=\"https:\/\/www.dm5.be\/wp-content\/uploads\/2026\/04\/6_JLCPPCB.jpg\" alt=\"\" class=\"wp-image-325\" srcset=\"https:\/\/www.dm5.be\/wp-content\/uploads\/2026\/04\/6_JLCPPCB.jpg 679w, https:\/\/www.dm5.be\/wp-content\/uploads\/2026\/04\/6_JLCPPCB-262x300.jpg 262w\" sizes=\"(max-width: 679px) 100vw, 679px\" \/><\/figure>\n\n\n\n<figure class=\"wp-block-image aligncenter size-large\"><img loading=\"lazy\" decoding=\"async\" width=\"832\" height=\"1024\" src=\"https:\/\/www.dm5.be\/wp-content\/uploads\/2026\/04\/20251122_163121-832x1024.jpg\" alt=\"\" class=\"wp-image-336\" srcset=\"https:\/\/www.dm5.be\/wp-content\/uploads\/2026\/04\/20251122_163121-832x1024.jpg 832w, https:\/\/www.dm5.be\/wp-content\/uploads\/2026\/04\/20251122_163121-244x300.jpg 244w, https:\/\/www.dm5.be\/wp-content\/uploads\/2026\/04\/20251122_163121-768x945.jpg 768w, https:\/\/www.dm5.be\/wp-content\/uploads\/2026\/04\/20251122_163121-1248x1536.jpg 1248w, https:\/\/www.dm5.be\/wp-content\/uploads\/2026\/04\/20251122_163121-1665x2048.jpg 1665w\" sizes=\"(max-width: 832px) 100vw, 832px\" \/><\/figure>\n\n\n\n<figure class=\"wp-block-image aligncenter size-large\"><img loading=\"lazy\" decoding=\"async\" width=\"519\" height=\"1024\" src=\"https:\/\/www.dm5.be\/wp-content\/uploads\/2026\/04\/20251122_163132-519x1024.jpg\" alt=\"\" class=\"wp-image-337\" srcset=\"https:\/\/www.dm5.be\/wp-content\/uploads\/2026\/04\/20251122_163132-519x1024.jpg 519w, https:\/\/www.dm5.be\/wp-content\/uploads\/2026\/04\/20251122_163132-152x300.jpg 152w, https:\/\/www.dm5.be\/wp-content\/uploads\/2026\/04\/20251122_163132-768x1514.jpg 768w, https:\/\/www.dm5.be\/wp-content\/uploads\/2026\/04\/20251122_163132-779x1536.jpg 779w, https:\/\/www.dm5.be\/wp-content\/uploads\/2026\/04\/20251122_163132-1039x2048.jpg 1039w, https:\/\/www.dm5.be\/wp-content\/uploads\/2026\/04\/20251122_163132-scaled.jpg 1298w\" sizes=\"(max-width: 519px) 100vw, 519px\" \/><\/figure>\n\n\n\n<figure class=\"wp-block-image aligncenter size-large\"><img loading=\"lazy\" decoding=\"async\" width=\"1024\" height=\"672\" src=\"https:\/\/www.dm5.be\/wp-content\/uploads\/2026\/04\/20251125_094648-1024x672.jpg\" alt=\"\" class=\"wp-image-338\" srcset=\"https:\/\/www.dm5.be\/wp-content\/uploads\/2026\/04\/20251125_094648-1024x672.jpg 1024w, https:\/\/www.dm5.be\/wp-content\/uploads\/2026\/04\/20251125_094648-300x197.jpg 300w, https:\/\/www.dm5.be\/wp-content\/uploads\/2026\/04\/20251125_094648-768x504.jpg 768w, https:\/\/www.dm5.be\/wp-content\/uploads\/2026\/04\/20251125_094648-1536x1008.jpg 1536w, https:\/\/www.dm5.be\/wp-content\/uploads\/2026\/04\/20251125_094648-2048x1343.jpg 2048w\" sizes=\"(max-width: 1024px) 100vw, 1024px\" \/><\/figure>\n\n\n\n<hr class=\"wp-block-separator alignwide has-alpha-channel-opacity is-style-wide\"\/>\n\n\n\n<figure class=\"wp-block-image aligncenter size-full\"><img loading=\"lazy\" decoding=\"async\" width=\"483\" height=\"232\" src=\"https:\/\/www.dm5.be\/wp-content\/uploads\/2026\/04\/2_JLCPPCB.jpg\" alt=\"\" class=\"wp-image-319\" srcset=\"https:\/\/www.dm5.be\/wp-content\/uploads\/2026\/04\/2_JLCPPCB.jpg 483w, https:\/\/www.dm5.be\/wp-content\/uploads\/2026\/04\/2_JLCPPCB-300x144.jpg 300w\" sizes=\"(max-width: 483px) 100vw, 483px\" \/><\/figure>\n\n\n\n<figure class=\"wp-block-image aligncenter size-full\"><img loading=\"lazy\" decoding=\"async\" width=\"639\" height=\"761\" src=\"https:\/\/www.dm5.be\/wp-content\/uploads\/2026\/04\/8_JLCPPCB.jpg\" alt=\"\" class=\"wp-image-327\" srcset=\"https:\/\/www.dm5.be\/wp-content\/uploads\/2026\/04\/8_JLCPPCB.jpg 639w, https:\/\/www.dm5.be\/wp-content\/uploads\/2026\/04\/8_JLCPPCB-252x300.jpg 252w\" sizes=\"(max-width: 639px) 100vw, 639px\" \/><\/figure>\n\n\n\n<figure class=\"wp-block-image size-large\"><img loading=\"lazy\" decoding=\"async\" width=\"581\" height=\"1024\" src=\"https:\/\/www.dm5.be\/wp-content\/uploads\/2026\/04\/20251122_163051-581x1024.jpg\" alt=\"\" class=\"wp-image-334\" srcset=\"https:\/\/www.dm5.be\/wp-content\/uploads\/2026\/04\/20251122_163051-581x1024.jpg 581w, https:\/\/www.dm5.be\/wp-content\/uploads\/2026\/04\/20251122_163051-170x300.jpg 170w, https:\/\/www.dm5.be\/wp-content\/uploads\/2026\/04\/20251122_163051-768x1355.jpg 768w, https:\/\/www.dm5.be\/wp-content\/uploads\/2026\/04\/20251122_163051-871x1536.jpg 871w, https:\/\/www.dm5.be\/wp-content\/uploads\/2026\/04\/20251122_163051-1161x2048.jpg 1161w, https:\/\/www.dm5.be\/wp-content\/uploads\/2026\/04\/20251122_163051.jpg 1278w\" sizes=\"(max-width: 581px) 100vw, 581px\" \/><\/figure>\n\n\n\n<hr class=\"wp-block-separator alignwide has-alpha-channel-opacity is-style-wide\"\/>\n\n\n\n<figure class=\"wp-block-image aligncenter size-full\"><img loading=\"lazy\" decoding=\"async\" width=\"677\" height=\"529\" src=\"https:\/\/www.dm5.be\/wp-content\/uploads\/2026\/04\/2_PCB.jpg\" alt=\"\" class=\"wp-image-320\" srcset=\"https:\/\/www.dm5.be\/wp-content\/uploads\/2026\/04\/2_PCB.jpg 677w, https:\/\/www.dm5.be\/wp-content\/uploads\/2026\/04\/2_PCB-300x234.jpg 300w\" sizes=\"(max-width: 677px) 100vw, 677px\" \/><\/figure>\n\n\n\n<figure class=\"wp-block-image aligncenter size-full\"><img loading=\"lazy\" decoding=\"async\" width=\"736\" height=\"593\" src=\"https:\/\/www.dm5.be\/wp-content\/uploads\/2026\/04\/3_JLCPPCB.jpg\" alt=\"\" class=\"wp-image-321\" srcset=\"https:\/\/www.dm5.be\/wp-content\/uploads\/2026\/04\/3_JLCPPCB.jpg 736w, https:\/\/www.dm5.be\/wp-content\/uploads\/2026\/04\/3_JLCPPCB-300x242.jpg 300w\" sizes=\"(max-width: 736px) 100vw, 736px\" \/><\/figure>\n\n\n\n<figure class=\"wp-block-image size-full\"><img loading=\"lazy\" decoding=\"async\" width=\"715\" height=\"550\" src=\"https:\/\/www.dm5.be\/wp-content\/uploads\/2026\/04\/3_PCB.jpg\" alt=\"\" class=\"wp-image-322\" srcset=\"https:\/\/www.dm5.be\/wp-content\/uploads\/2026\/04\/3_PCB.jpg 715w, https:\/\/www.dm5.be\/wp-content\/uploads\/2026\/04\/3_PCB-300x231.jpg 300w\" sizes=\"(max-width: 715px) 100vw, 715px\" \/><\/figure>\n\n\n\n<hr class=\"wp-block-separator alignwide has-alpha-channel-opacity is-style-wide\"\/>\n\n\n\n<div style=\"height:100px\" aria-hidden=\"true\" class=\"wp-block-spacer\"><\/div>\n\n\n\n<details class=\"wp-block-details is-layout-flow wp-block-details-is-layout-flow\"><summary><strong>Nos autres exemples de d\u00e9pannages &amp; services<\/strong><\/summary>\n<p><\/p>\n<\/details>\n\n\n<ul class=\"wp-block-page-list\"><li class=\"wp-block-pages-list__item\"><a class=\"wp-block-pages-list__item__link\" href=\"https:\/\/www.dm5.be\/index.php\/carte-skakotrol\/\">R\u00e9paration Carte SKAKOTROL 745101 &#8211; C 400V + carte d&rsquo;extension SKAKOPAC 745160<\/a><\/li><li class=\"wp-block-pages-list__item\"><a class=\"wp-block-pages-list__item__link\" href=\"https:\/\/www.dm5.be\/index.php\/precia-molen\/\">R\u00e9paration Indicateur \/ Pupitre \/ HMI Precia Molen  I410 D-N<\/a><\/li><li class=\"wp-block-pages-list__item\"><a class=\"wp-block-pages-list__item__link\" href=\"https:\/\/www.dm5.be\/index.php\/reparation-electronique-variateur-controleur-moteur-ebm-chw050-aa01-70\/\">R\u00e9paration \u00e9lectronique variateur \/ contr\u00f4leur moteur EBM CHW050-AA01-70<\/a><\/li><li class=\"wp-block-pages-list__item\"><a class=\"wp-block-pages-list__item__link\" href=\"https:\/\/www.dm5.be\/index.php\/repair-hmi-pro-face-pl6920-t42-pl6920-pl-7920-series-panel-computer-full-black-screen-and-or-front-led-error-flashing\/\">Repair HMI Pro-face PL6920-T42 (PL6920\/PL-7920 series Panel Computer). Full black screen and or front led error flashing.<\/a><\/li><li class=\"wp-block-pages-list__item\"><a class=\"wp-block-pages-list__item__link\" href=\"https:\/\/www.dm5.be\/index.php\/four-industriel\/\">R\u00e9paration et reconditionnement d&rsquo;un four industriel.<\/a><\/li><li class=\"wp-block-pages-list__item\"><a class=\"wp-block-pages-list__item__link\" href=\"https:\/\/www.dm5.be\/index.php\/autres\/\">R\u00e9gulateur \/ afficheur Yokogawa UT\/UM<\/a><\/li><li class=\"wp-block-pages-list__item\"><a class=\"wp-block-pages-list__item__link\" href=\"https:\/\/www.dm5.be\/index.php\/systeme-damplification-de-signal\/\">R\u00e9paration amplificateur de signal<\/a><\/li><li class=\"wp-block-pages-list__item\"><a class=\"wp-block-pages-list__item__link\" href=\"https:\/\/www.dm5.be\/index.php\/reparation-systeme-de-pesee-vehicule\/\">R\u00e9paration syst\u00e8me de pes\u00e9e v\u00e9hicule SWI Scales Intercomp<\/a><\/li><li class=\"wp-block-pages-list__item\"><a class=\"wp-block-pages-list__item__link\" href=\"https:\/\/www.dm5.be\/index.php\/computer-scales-longacre\/\">R\u00e9paration Computer Scales Longacre DXI\/ Longacre Racing\u00a0DXI Wireless Computer Scales Four<\/a><\/li><li class=\"wp-block-pages-list__item\"><a class=\"wp-block-pages-list__item__link\" href=\"https:\/\/www.dm5.be\/index.php\/de-lidee-a-la-production-conception-sur-mesure-de-pcb-du-prototype-a-la-serie\/\">De l\u2019id\u00e9e \u00e0 la production : conception sur mesure de PCB, du prototype \u00e0 la s\u00e9rie<\/a><\/li><li class=\"wp-block-pages-list__item\"><a class=\"wp-block-pages-list__item__link\" href=\"https:\/\/www.dm5.be\/index.php\/conditions-generales-de-vente\/\">Conditions g\u00e9n\u00e9rales de vente<\/a><\/li><li class=\"wp-block-pages-list__item\"><a class=\"wp-block-pages-list__item__link\" href=\"https:\/\/www.dm5.be\/index.php\/contact\/\">Contact<\/a><\/li><\/ul>","protected":false},"excerpt":{"rendered":"","protected":false},"author":1,"featured_media":0,"parent":0,"menu_order":9,"comment_status":"closed","ping_status":"closed","template":"","meta":{"footnotes":""},"class_list":["post-316","page","type-page","status-publish","hentry"],"_links":{"self":[{"href":"https:\/\/www.dm5.be\/index.php\/wp-json\/wp\/v2\/pages\/316","targetHints":{"allow":["GET"]}}],"collection":[{"href":"https:\/\/www.dm5.be\/index.php\/wp-json\/wp\/v2\/pages"}],"about":[{"href":"https:\/\/www.dm5.be\/index.php\/wp-json\/wp\/v2\/types\/page"}],"author":[{"embeddable":true,"href":"https:\/\/www.dm5.be\/index.php\/wp-json\/wp\/v2\/users\/1"}],"replies":[{"embeddable":true,"href":"https:\/\/www.dm5.be\/index.php\/wp-json\/wp\/v2\/comments?post=316"}],"version-history":[{"count":7,"href":"https:\/\/www.dm5.be\/index.php\/wp-json\/wp\/v2\/pages\/316\/revisions"}],"predecessor-version":[{"id":348,"href":"https:\/\/www.dm5.be\/index.php\/wp-json\/wp\/v2\/pages\/316\/revisions\/348"}],"wp:attachment":[{"href":"https:\/\/www.dm5.be\/index.php\/wp-json\/wp\/v2\/media?parent=316"}],"curies":[{"name":"wp","href":"https:\/\/api.w.org\/{rel}","templated":true}]}}