{"id":463,"date":"2026-04-14T18:20:28","date_gmt":"2026-04-14T16:20:28","guid":{"rendered":"https:\/\/www.dm5.be\/?page_id=463"},"modified":"2026-04-17T13:40:26","modified_gmt":"2026-04-17T11:40:26","slug":"precia-molen","status":"publish","type":"page","link":"https:\/\/www.dm5.be\/index.php\/precia-molen\/","title":{"rendered":"R\u00e9paration Indicateur \/ Pupitre \/ HMI Precia Molen  I410 D-N"},"content":{"rendered":"\n<hr class=\"wp-block-separator has-alpha-channel-opacity is-style-wide\"\/>\n\n\n\n<p class=\"has-text-align-center\">Precia Molen (marque d\u00e9pos\u00e9e)<\/p>\n\n\n\n<p class=\"has-text-align-center\">R\u00e9paration r\u00e9alis\u00e9e hors r\u00e9seau constructeur \u2013 \u00e0 usage informatif<\/p>\n\n\n\n<p class=\"has-text-align-center\">Les marques mentionn\u00e9es restent la propri\u00e9t\u00e9 de leurs d\u00e9tenteurs respectifs.<\/p>\n\n\n\n<hr class=\"wp-block-separator has-alpha-channel-opacity is-style-wide\"\/>\n\n\n\n<details class=\"wp-block-details is-layout-flow wp-block-details-is-layout-flow\"><summary>Nettoyage carte, connecteurs, remplacement des composants d\u00e9fectueux, reprise des soudures suspectes, v\u00e9rification tension (+batterie), vernissage final de protection, remontage et tests.<\/summary>\n<p><\/p>\n<\/details>\n\n\n\n<hr class=\"wp-block-separator has-alpha-channel-opacity is-style-wide\"\/>\n\n\n\n<figure class=\"wp-block-image size-large\"><img fetchpriority=\"high\" decoding=\"async\" width=\"1024\" height=\"844\" src=\"https:\/\/www.dm5.be\/wp-content\/uploads\/2026\/04\/20260314_111231-1024x844.jpg\" alt=\"\" class=\"wp-image-420\" srcset=\"https:\/\/www.dm5.be\/wp-content\/uploads\/2026\/04\/20260314_111231-1024x844.jpg 1024w, https:\/\/www.dm5.be\/wp-content\/uploads\/2026\/04\/20260314_111231-300x247.jpg 300w, https:\/\/www.dm5.be\/wp-content\/uploads\/2026\/04\/20260314_111231-768x633.jpg 768w, https:\/\/www.dm5.be\/wp-content\/uploads\/2026\/04\/20260314_111231-1536x1265.jpg 1536w, https:\/\/www.dm5.be\/wp-content\/uploads\/2026\/04\/20260314_111231-2048x1687.jpg 2048w\" sizes=\"(max-width: 1024px) 100vw, 1024px\" \/><\/figure>\n\n\n\n<figure class=\"wp-block-image size-large\"><img decoding=\"async\" width=\"1024\" height=\"584\" src=\"https:\/\/www.dm5.be\/wp-content\/uploads\/2026\/04\/20260314_111144-1024x584.jpg\" alt=\"\" class=\"wp-image-416\" srcset=\"https:\/\/www.dm5.be\/wp-content\/uploads\/2026\/04\/20260314_111144-1024x584.jpg 1024w, https:\/\/www.dm5.be\/wp-content\/uploads\/2026\/04\/20260314_111144-300x171.jpg 300w, https:\/\/www.dm5.be\/wp-content\/uploads\/2026\/04\/20260314_111144-768x438.jpg 768w, https:\/\/www.dm5.be\/wp-content\/uploads\/2026\/04\/20260314_111144-1536x876.jpg 1536w, https:\/\/www.dm5.be\/wp-content\/uploads\/2026\/04\/20260314_111144-2048x1168.jpg 2048w\" sizes=\"(max-width: 1024px) 100vw, 1024px\" \/><\/figure>\n\n\n\n<figure class=\"wp-block-image size-large\"><img decoding=\"async\" width=\"1024\" height=\"461\" src=\"https:\/\/www.dm5.be\/wp-content\/uploads\/2026\/04\/20260314_111208-1024x461.jpg\" alt=\"\" class=\"wp-image-418\" srcset=\"https:\/\/www.dm5.be\/wp-content\/uploads\/2026\/04\/20260314_111208-1024x461.jpg 1024w, https:\/\/www.dm5.be\/wp-content\/uploads\/2026\/04\/20260314_111208-300x135.jpg 300w, https:\/\/www.dm5.be\/wp-content\/uploads\/2026\/04\/20260314_111208-768x346.jpg 768w, https:\/\/www.dm5.be\/wp-content\/uploads\/2026\/04\/20260314_111208-1536x692.jpg 1536w, https:\/\/www.dm5.be\/wp-content\/uploads\/2026\/04\/20260314_111208-2048x923.jpg 2048w\" sizes=\"(max-width: 1024px) 100vw, 1024px\" \/><\/figure>\n\n\n\n<figure class=\"wp-block-image size-large\"><img loading=\"lazy\" decoding=\"async\" width=\"1024\" height=\"584\" src=\"https:\/\/www.dm5.be\/wp-content\/uploads\/2026\/04\/20260314_111218-1024x584.jpg\" alt=\"\" class=\"wp-image-419\" srcset=\"https:\/\/www.dm5.be\/wp-content\/uploads\/2026\/04\/20260314_111218-1024x584.jpg 1024w, https:\/\/www.dm5.be\/wp-content\/uploads\/2026\/04\/20260314_111218-300x171.jpg 300w, https:\/\/www.dm5.be\/wp-content\/uploads\/2026\/04\/20260314_111218-768x438.jpg 768w, https:\/\/www.dm5.be\/wp-content\/uploads\/2026\/04\/20260314_111218-1536x876.jpg 1536w, https:\/\/www.dm5.be\/wp-content\/uploads\/2026\/04\/20260314_111218-2048x1168.jpg 2048w\" sizes=\"(max-width: 1024px) 100vw, 1024px\" \/><\/figure>\n\n\n\n<figure class=\"wp-block-image size-large\"><img loading=\"lazy\" decoding=\"async\" width=\"1024\" height=\"486\" src=\"https:\/\/www.dm5.be\/wp-content\/uploads\/2026\/04\/20260314_135015-1024x486.jpg\" alt=\"\" class=\"wp-image-423\" srcset=\"https:\/\/www.dm5.be\/wp-content\/uploads\/2026\/04\/20260314_135015-1024x486.jpg 1024w, https:\/\/www.dm5.be\/wp-content\/uploads\/2026\/04\/20260314_135015-300x142.jpg 300w, https:\/\/www.dm5.be\/wp-content\/uploads\/2026\/04\/20260314_135015-768x364.jpg 768w, https:\/\/www.dm5.be\/wp-content\/uploads\/2026\/04\/20260314_135015-1536x729.jpg 1536w, https:\/\/www.dm5.be\/wp-content\/uploads\/2026\/04\/20260314_135015-2048x971.jpg 2048w\" sizes=\"(max-width: 1024px) 100vw, 1024px\" \/><\/figure>\n\n\n\n<figure class=\"wp-block-image size-large\"><img loading=\"lazy\" decoding=\"async\" width=\"1024\" height=\"477\" src=\"https:\/\/www.dm5.be\/wp-content\/uploads\/2026\/04\/20260314_135056-1024x477.jpg\" alt=\"\" class=\"wp-image-424\" srcset=\"https:\/\/www.dm5.be\/wp-content\/uploads\/2026\/04\/20260314_135056-1024x477.jpg 1024w, https:\/\/www.dm5.be\/wp-content\/uploads\/2026\/04\/20260314_135056-300x140.jpg 300w, https:\/\/www.dm5.be\/wp-content\/uploads\/2026\/04\/20260314_135056-768x357.jpg 768w, https:\/\/www.dm5.be\/wp-content\/uploads\/2026\/04\/20260314_135056-1536x715.jpg 1536w, https:\/\/www.dm5.be\/wp-content\/uploads\/2026\/04\/20260314_135056-2048x953.jpg 2048w\" sizes=\"(max-width: 1024px) 100vw, 1024px\" \/><\/figure>\n\n\n\n<figure class=\"wp-block-image size-large\"><img loading=\"lazy\" decoding=\"async\" width=\"1024\" height=\"473\" src=\"https:\/\/www.dm5.be\/wp-content\/uploads\/2026\/04\/20260315_153559-1024x473.jpg\" alt=\"\" class=\"wp-image-428\" srcset=\"https:\/\/www.dm5.be\/wp-content\/uploads\/2026\/04\/20260315_153559-1024x473.jpg 1024w, https:\/\/www.dm5.be\/wp-content\/uploads\/2026\/04\/20260315_153559-300x139.jpg 300w, https:\/\/www.dm5.be\/wp-content\/uploads\/2026\/04\/20260315_153559-768x355.jpg 768w, https:\/\/www.dm5.be\/wp-content\/uploads\/2026\/04\/20260315_153559-1536x710.jpg 1536w, https:\/\/www.dm5.be\/wp-content\/uploads\/2026\/04\/20260315_153559-2048x947.jpg 2048w\" sizes=\"(max-width: 1024px) 100vw, 1024px\" \/><\/figure>\n\n\n\n<figure class=\"wp-block-image size-large\"><img loading=\"lazy\" decoding=\"async\" width=\"1024\" height=\"493\" src=\"https:\/\/www.dm5.be\/wp-content\/uploads\/2026\/04\/20260315_153539-1024x493.jpg\" alt=\"\" class=\"wp-image-427\" srcset=\"https:\/\/www.dm5.be\/wp-content\/uploads\/2026\/04\/20260315_153539-1024x493.jpg 1024w, https:\/\/www.dm5.be\/wp-content\/uploads\/2026\/04\/20260315_153539-300x145.jpg 300w, https:\/\/www.dm5.be\/wp-content\/uploads\/2026\/04\/20260315_153539-768x370.jpg 768w, https:\/\/www.dm5.be\/wp-content\/uploads\/2026\/04\/20260315_153539-1536x740.jpg 1536w, https:\/\/www.dm5.be\/wp-content\/uploads\/2026\/04\/20260315_153539-2048x987.jpg 2048w\" sizes=\"(max-width: 1024px) 100vw, 1024px\" \/><\/figure>\n\n\n\n<figure class=\"wp-block-image size-large\"><img loading=\"lazy\" decoding=\"async\" width=\"1024\" height=\"865\" src=\"https:\/\/www.dm5.be\/wp-content\/uploads\/2026\/04\/20260315_153510-1024x865.jpg\" alt=\"\" class=\"wp-image-426\" srcset=\"https:\/\/www.dm5.be\/wp-content\/uploads\/2026\/04\/20260315_153510-1024x865.jpg 1024w, https:\/\/www.dm5.be\/wp-content\/uploads\/2026\/04\/20260315_153510-300x253.jpg 300w, https:\/\/www.dm5.be\/wp-content\/uploads\/2026\/04\/20260315_153510-768x648.jpg 768w, https:\/\/www.dm5.be\/wp-content\/uploads\/2026\/04\/20260315_153510-1536x1297.jpg 1536w, https:\/\/www.dm5.be\/wp-content\/uploads\/2026\/04\/20260315_153510-2048x1729.jpg 2048w\" sizes=\"(max-width: 1024px) 100vw, 1024px\" \/><\/figure>\n\n\n\n<figure class=\"wp-block-image size-large\"><img loading=\"lazy\" decoding=\"async\" width=\"1024\" height=\"889\" src=\"https:\/\/www.dm5.be\/wp-content\/uploads\/2026\/04\/20260315_153418-1024x889.jpg\" alt=\"\" class=\"wp-image-425\" srcset=\"https:\/\/www.dm5.be\/wp-content\/uploads\/2026\/04\/20260315_153418-1024x889.jpg 1024w, https:\/\/www.dm5.be\/wp-content\/uploads\/2026\/04\/20260315_153418-300x260.jpg 300w, https:\/\/www.dm5.be\/wp-content\/uploads\/2026\/04\/20260315_153418-768x667.jpg 768w, https:\/\/www.dm5.be\/wp-content\/uploads\/2026\/04\/20260315_153418-1536x1333.jpg 1536w, https:\/\/www.dm5.be\/wp-content\/uploads\/2026\/04\/20260315_153418-2048x1778.jpg 2048w\" sizes=\"(max-width: 1024px) 100vw, 1024px\" \/><\/figure>\n\n\n\n<figure class=\"wp-block-image size-large\"><img loading=\"lazy\" decoding=\"async\" width=\"1024\" height=\"468\" src=\"https:\/\/www.dm5.be\/wp-content\/uploads\/2026\/04\/20260315_153719-1024x468.jpg\" alt=\"\" class=\"wp-image-430\" srcset=\"https:\/\/www.dm5.be\/wp-content\/uploads\/2026\/04\/20260315_153719-1024x468.jpg 1024w, https:\/\/www.dm5.be\/wp-content\/uploads\/2026\/04\/20260315_153719-300x137.jpg 300w, https:\/\/www.dm5.be\/wp-content\/uploads\/2026\/04\/20260315_153719-768x351.jpg 768w, https:\/\/www.dm5.be\/wp-content\/uploads\/2026\/04\/20260315_153719-1536x701.jpg 1536w, https:\/\/www.dm5.be\/wp-content\/uploads\/2026\/04\/20260315_153719-2048x935.jpg 2048w\" sizes=\"(max-width: 1024px) 100vw, 1024px\" \/><\/figure>\n\n\n\n<figure class=\"wp-block-image size-large\"><img loading=\"lazy\" decoding=\"async\" width=\"1024\" height=\"762\" src=\"https:\/\/www.dm5.be\/wp-content\/uploads\/2026\/04\/20260315_153740-1024x762.jpg\" alt=\"\" class=\"wp-image-431\" srcset=\"https:\/\/www.dm5.be\/wp-content\/uploads\/2026\/04\/20260315_153740-1024x762.jpg 1024w, https:\/\/www.dm5.be\/wp-content\/uploads\/2026\/04\/20260315_153740-300x223.jpg 300w, https:\/\/www.dm5.be\/wp-content\/uploads\/2026\/04\/20260315_153740-768x572.jpg 768w, https:\/\/www.dm5.be\/wp-content\/uploads\/2026\/04\/20260315_153740-1536x1143.jpg 1536w, https:\/\/www.dm5.be\/wp-content\/uploads\/2026\/04\/20260315_153740-2048x1525.jpg 2048w\" sizes=\"(max-width: 1024px) 100vw, 1024px\" \/><\/figure>\n\n\n\n<figure class=\"wp-block-image size-large\"><img loading=\"lazy\" decoding=\"async\" width=\"1024\" height=\"710\" src=\"https:\/\/www.dm5.be\/wp-content\/uploads\/2026\/04\/20260315_154102-1024x710.jpg\" alt=\"\" class=\"wp-image-433\" srcset=\"https:\/\/www.dm5.be\/wp-content\/uploads\/2026\/04\/20260315_154102-1024x710.jpg 1024w, https:\/\/www.dm5.be\/wp-content\/uploads\/2026\/04\/20260315_154102-300x208.jpg 300w, https:\/\/www.dm5.be\/wp-content\/uploads\/2026\/04\/20260315_154102-768x533.jpg 768w, https:\/\/www.dm5.be\/wp-content\/uploads\/2026\/04\/20260315_154102-1536x1065.jpg 1536w, https:\/\/www.dm5.be\/wp-content\/uploads\/2026\/04\/20260315_154102-2048x1420.jpg 2048w\" sizes=\"(max-width: 1024px) 100vw, 1024px\" \/><\/figure>\n\n\n\n<figure class=\"wp-block-image size-large\"><img loading=\"lazy\" decoding=\"async\" width=\"1024\" height=\"457\" src=\"https:\/\/www.dm5.be\/wp-content\/uploads\/2026\/04\/20260315_155212-1024x457.jpg\" alt=\"\" class=\"wp-image-434\" srcset=\"https:\/\/www.dm5.be\/wp-content\/uploads\/2026\/04\/20260315_155212-1024x457.jpg 1024w, https:\/\/www.dm5.be\/wp-content\/uploads\/2026\/04\/20260315_155212-300x134.jpg 300w, https:\/\/www.dm5.be\/wp-content\/uploads\/2026\/04\/20260315_155212-768x342.jpg 768w, https:\/\/www.dm5.be\/wp-content\/uploads\/2026\/04\/20260315_155212-1536x685.jpg 1536w, https:\/\/www.dm5.be\/wp-content\/uploads\/2026\/04\/20260315_155212-2048x913.jpg 2048w\" sizes=\"(max-width: 1024px) 100vw, 1024px\" \/><\/figure>\n\n\n\n<figure class=\"wp-block-image size-large\"><img loading=\"lazy\" decoding=\"async\" width=\"1024\" height=\"468\" src=\"https:\/\/www.dm5.be\/wp-content\/uploads\/2026\/04\/20260315_155552-1024x468.jpg\" alt=\"\" class=\"wp-image-438\" srcset=\"https:\/\/www.dm5.be\/wp-content\/uploads\/2026\/04\/20260315_155552-1024x468.jpg 1024w, https:\/\/www.dm5.be\/wp-content\/uploads\/2026\/04\/20260315_155552-300x137.jpg 300w, https:\/\/www.dm5.be\/wp-content\/uploads\/2026\/04\/20260315_155552-768x351.jpg 768w, https:\/\/www.dm5.be\/wp-content\/uploads\/2026\/04\/20260315_155552-1536x702.jpg 1536w, https:\/\/www.dm5.be\/wp-content\/uploads\/2026\/04\/20260315_155552-2048x936.jpg 2048w\" sizes=\"(max-width: 1024px) 100vw, 1024px\" \/><\/figure>\n\n\n\n<figure class=\"wp-block-image size-large\"><img loading=\"lazy\" decoding=\"async\" width=\"1024\" height=\"486\" src=\"https:\/\/www.dm5.be\/wp-content\/uploads\/2026\/04\/20260315_155601-1024x486.jpg\" alt=\"\" class=\"wp-image-439\" srcset=\"https:\/\/www.dm5.be\/wp-content\/uploads\/2026\/04\/20260315_155601-1024x486.jpg 1024w, https:\/\/www.dm5.be\/wp-content\/uploads\/2026\/04\/20260315_155601-300x142.jpg 300w, https:\/\/www.dm5.be\/wp-content\/uploads\/2026\/04\/20260315_155601-768x364.jpg 768w, https:\/\/www.dm5.be\/wp-content\/uploads\/2026\/04\/20260315_155601-1536x728.jpg 1536w, https:\/\/www.dm5.be\/wp-content\/uploads\/2026\/04\/20260315_155601-2048x971.jpg 2048w\" sizes=\"(max-width: 1024px) 100vw, 1024px\" \/><\/figure>\n\n\n\n<figure class=\"wp-block-image size-large\"><img loading=\"lazy\" decoding=\"async\" width=\"1024\" height=\"462\" src=\"https:\/\/www.dm5.be\/wp-content\/uploads\/2026\/04\/20260315_155628-1024x462.jpg\" alt=\"\" class=\"wp-image-441\" srcset=\"https:\/\/www.dm5.be\/wp-content\/uploads\/2026\/04\/20260315_155628-1024x462.jpg 1024w, https:\/\/www.dm5.be\/wp-content\/uploads\/2026\/04\/20260315_155628-300x135.jpg 300w, https:\/\/www.dm5.be\/wp-content\/uploads\/2026\/04\/20260315_155628-768x346.jpg 768w, https:\/\/www.dm5.be\/wp-content\/uploads\/2026\/04\/20260315_155628-1536x692.jpg 1536w, https:\/\/www.dm5.be\/wp-content\/uploads\/2026\/04\/20260315_155628-2048x923.jpg 2048w\" sizes=\"(max-width: 1024px) 100vw, 1024px\" \/><\/figure>\n\n\n\n<figure class=\"wp-block-image size-large\"><img loading=\"lazy\" decoding=\"async\" width=\"1024\" height=\"481\" src=\"https:\/\/www.dm5.be\/wp-content\/uploads\/2026\/04\/20260315_155608-1024x481.jpg\" alt=\"\" class=\"wp-image-440\" srcset=\"https:\/\/www.dm5.be\/wp-content\/uploads\/2026\/04\/20260315_155608-1024x481.jpg 1024w, https:\/\/www.dm5.be\/wp-content\/uploads\/2026\/04\/20260315_155608-300x141.jpg 300w, https:\/\/www.dm5.be\/wp-content\/uploads\/2026\/04\/20260315_155608-768x361.jpg 768w, https:\/\/www.dm5.be\/wp-content\/uploads\/2026\/04\/20260315_155608-1536x721.jpg 1536w, https:\/\/www.dm5.be\/wp-content\/uploads\/2026\/04\/20260315_155608-2048x962.jpg 2048w\" sizes=\"(max-width: 1024px) 100vw, 1024px\" \/><\/figure>\n\n\n\n<figure class=\"wp-block-image size-large\"><img loading=\"lazy\" decoding=\"async\" width=\"1024\" height=\"806\" src=\"https:\/\/www.dm5.be\/wp-content\/uploads\/2026\/04\/20260324_100436-1024x806.jpg\" alt=\"\" class=\"wp-image-446\" srcset=\"https:\/\/www.dm5.be\/wp-content\/uploads\/2026\/04\/20260324_100436-1024x806.jpg 1024w, https:\/\/www.dm5.be\/wp-content\/uploads\/2026\/04\/20260324_100436-300x236.jpg 300w, https:\/\/www.dm5.be\/wp-content\/uploads\/2026\/04\/20260324_100436-768x605.jpg 768w, https:\/\/www.dm5.be\/wp-content\/uploads\/2026\/04\/20260324_100436-1536x1209.jpg 1536w, https:\/\/www.dm5.be\/wp-content\/uploads\/2026\/04\/20260324_100436-2048x1612.jpg 2048w\" sizes=\"(max-width: 1024px) 100vw, 1024px\" \/><\/figure>\n\n\n\n<figure class=\"wp-block-image size-large\"><img loading=\"lazy\" decoding=\"async\" width=\"1024\" height=\"837\" src=\"https:\/\/www.dm5.be\/wp-content\/uploads\/2026\/04\/V220260324_100507-1024x837.jpg\" alt=\"\" class=\"wp-image-448\" srcset=\"https:\/\/www.dm5.be\/wp-content\/uploads\/2026\/04\/V220260324_100507-1024x837.jpg 1024w, https:\/\/www.dm5.be\/wp-content\/uploads\/2026\/04\/V220260324_100507-300x245.jpg 300w, https:\/\/www.dm5.be\/wp-content\/uploads\/2026\/04\/V220260324_100507-768x628.jpg 768w, https:\/\/www.dm5.be\/wp-content\/uploads\/2026\/04\/V220260324_100507-1536x1256.jpg 1536w, https:\/\/www.dm5.be\/wp-content\/uploads\/2026\/04\/V220260324_100507-2048x1674.jpg 2048w\" sizes=\"(max-width: 1024px) 100vw, 1024px\" \/><\/figure>\n\n\n\n<hr class=\"wp-block-separator has-alpha-channel-opacity is-style-wide\"\/>\n\n\n\n<div style=\"height:100px\" aria-hidden=\"true\" class=\"wp-block-spacer\"><\/div>\n\n\n<ul class=\"wp-block-page-list\"><li class=\"wp-block-pages-list__item\"><a class=\"wp-block-pages-list__item__link\" href=\"https:\/\/www.dm5.be\/index.php\/carte-skakotrol\/\">R\u00e9paration Carte SKAKOTROL 745101 &#8211; C 400V + carte d&rsquo;extension SKAKOPAC 745160<\/a><\/li><li class=\"wp-block-pages-list__item\"><a class=\"wp-block-pages-list__item__link\" href=\"https:\/\/www.dm5.be\/index.php\/precia-molen\/\">R\u00e9paration Indicateur \/ Pupitre \/ HMI Precia Molen  I410 D-N<\/a><\/li><li class=\"wp-block-pages-list__item\"><a class=\"wp-block-pages-list__item__link\" href=\"https:\/\/www.dm5.be\/index.php\/reparation-electronique-variateur-controleur-moteur-ebm-chw050-aa01-70\/\">R\u00e9paration \u00e9lectronique variateur \/ contr\u00f4leur moteur EBM CHW050-AA01-70<\/a><\/li><li class=\"wp-block-pages-list__item\"><a class=\"wp-block-pages-list__item__link\" href=\"https:\/\/www.dm5.be\/index.php\/repair-hmi-pro-face-pl6920-t42-pl6920-pl-7920-series-panel-computer-full-black-screen-and-or-front-led-error-flashing\/\">Repair HMI Pro-face PL6920-T42 (PL6920\/PL-7920 series Panel Computer). Full black screen and or front led error flashing.<\/a><\/li><li class=\"wp-block-pages-list__item\"><a class=\"wp-block-pages-list__item__link\" href=\"https:\/\/www.dm5.be\/index.php\/four-industriel\/\">R\u00e9paration et reconditionnement d&rsquo;un four industriel.<\/a><\/li><li class=\"wp-block-pages-list__item\"><a class=\"wp-block-pages-list__item__link\" href=\"https:\/\/www.dm5.be\/index.php\/autres\/\">R\u00e9gulateur \/ afficheur Yokogawa UT\/UM<\/a><\/li><li class=\"wp-block-pages-list__item\"><a class=\"wp-block-pages-list__item__link\" href=\"https:\/\/www.dm5.be\/index.php\/systeme-damplification-de-signal\/\">R\u00e9paration amplificateur de signal<\/a><\/li><li class=\"wp-block-pages-list__item\"><a class=\"wp-block-pages-list__item__link\" href=\"https:\/\/www.dm5.be\/index.php\/reparation-systeme-de-pesee-vehicule\/\">R\u00e9paration syst\u00e8me de pes\u00e9e v\u00e9hicule SWI Scales Intercomp<\/a><\/li><li class=\"wp-block-pages-list__item\"><a class=\"wp-block-pages-list__item__link\" href=\"https:\/\/www.dm5.be\/index.php\/computer-scales-longacre\/\">R\u00e9paration Computer Scales Longacre DXI\/ Longacre Racing\u00a0DXI Wireless Computer Scales Four<\/a><\/li><li class=\"wp-block-pages-list__item\"><a class=\"wp-block-pages-list__item__link\" href=\"https:\/\/www.dm5.be\/index.php\/de-lidee-a-la-production-conception-sur-mesure-de-pcb-du-prototype-a-la-serie\/\">De l\u2019id\u00e9e \u00e0 la production : conception sur mesure de PCB, du prototype \u00e0 la s\u00e9rie<\/a><\/li><li class=\"wp-block-pages-list__item\"><a class=\"wp-block-pages-list__item__link\" href=\"https:\/\/www.dm5.be\/index.php\/conditions-generales-de-vente\/\">Conditions g\u00e9n\u00e9rales de vente<\/a><\/li><li class=\"wp-block-pages-list__item\"><a class=\"wp-block-pages-list__item__link\" href=\"https:\/\/www.dm5.be\/index.php\/contact\/\">Contact<\/a><\/li><\/ul>","protected":false},"excerpt":{"rendered":"<p>Precia Molen (marque d\u00e9pos\u00e9e) R\u00e9paration r\u00e9alis\u00e9e hors r\u00e9seau constructeur \u2013 \u00e0 usage informatif Les marques mentionn\u00e9es restent la propri\u00e9t\u00e9 de leurs d\u00e9tenteurs respectifs.<\/p>\n","protected":false},"author":1,"featured_media":0,"parent":0,"menu_order":0,"comment_status":"closed","ping_status":"closed","template":"","meta":{"footnotes":""},"class_list":["post-463","page","type-page","status-publish","hentry"],"_links":{"self":[{"href":"https:\/\/www.dm5.be\/index.php\/wp-json\/wp\/v2\/pages\/463","targetHints":{"allow":["GET"]}}],"collection":[{"href":"https:\/\/www.dm5.be\/index.php\/wp-json\/wp\/v2\/pages"}],"about":[{"href":"https:\/\/www.dm5.be\/index.php\/wp-json\/wp\/v2\/types\/page"}],"author":[{"embeddable":true,"href":"https:\/\/www.dm5.be\/index.php\/wp-json\/wp\/v2\/users\/1"}],"replies":[{"embeddable":true,"href":"https:\/\/www.dm5.be\/index.php\/wp-json\/wp\/v2\/comments?post=463"}],"version-history":[{"count":10,"href":"https:\/\/www.dm5.be\/index.php\/wp-json\/wp\/v2\/pages\/463\/revisions"}],"predecessor-version":[{"id":488,"href":"https:\/\/www.dm5.be\/index.php\/wp-json\/wp\/v2\/pages\/463\/revisions\/488"}],"wp:attachment":[{"href":"https:\/\/www.dm5.be\/index.php\/wp-json\/wp\/v2\/media?parent=463"}],"curies":[{"name":"wp","href":"https:\/\/api.w.org\/{rel}","templated":true}]}}